{"id":2855,"date":"2021-11-24T19:20:11","date_gmt":"2021-11-24T19:20:11","guid":{"rendered":"https:\/\/storckensohn.fr\/?page_id=2855"},"modified":"2021-12-01T06:25:28","modified_gmt":"2021-12-01T06:25:28","slug":"annonces-exterieures","status":"publish","type":"page","link":"https:\/\/storckensohn.fr\/index.php\/annonces-exterieures\/","title":{"rendered":"Informations pratiques"},"content":{"rendered":"<div class=\"flex_column av_one_full  flex_column_div av-zero-column-padding first  avia-builder-el-0  el_before_av_one_full  avia-builder-el-first  \" style='border-radius:0px; '><div   data-size='featured'  data-lightbox_size='large'  data-animation='slide'  data-conditional_play=''  data-ids='2462'  data-video_counter='0'  data-autoplay='false'  data-bg_slider='false'  data-slide_height=''  data-handle='av_slideshow'  data-interval='5'  data-class=' avia-builder-el-1  avia-builder-el-no-sibling  '  data-el_id=''  data-css_id=''  data-scroll_down=''  data-control_layout='av-control-default'  data-custom_markup=''  data-perma_caption=''  data-autoplay_stopper=''  data-image_attachment=''  data-min_height='0px'  data-default-height='28.666666666667'  class='avia-slideshow avia-slideshow-1  av-control-default av-default-height-applied avia-slideshow-featured av_slideshow  avia-builder-el-1  avia-builder-el-no-sibling   avia-slide-slider '  itemprop=\"image\" itemscope=\"itemscope\" itemtype=\"https:\/\/schema.org\/ImageObject\" ><ul class='avia-slideshow-inner ' style='padding-bottom: 28.666666666667%;' ><li  class=' av-single-slide slide-1 ' ><div data-rel='slideshow-1' class='avia-slide-wrap '   ><img src='https:\/\/storckensohn.fr\/wp-content\/uploads\/2021\/05\/P2780023-1.jpg' width='1500' height='430' title='P2780023' alt=''  itemprop=\"thumbnailUrl\"   \/><\/div><\/li><\/ul><\/div><\/div>\n<div class=\"flex_column av_one_full  flex_column_div av-zero-column-padding first  avia-builder-el-2  el_after_av_one_full  el_before_av_one_half  column-top-margin\" style='border-radius:0px; '><section class=\"av_textblock_section \"  itemscope=\"itemscope\" itemtype=\"https:\/\/schema.org\/CreativeWork\" ><div class='avia_textblock  '   itemprop=\"text\" ><h3>Informations pratiques<\/h3>\n<\/div><\/section><\/div>\n<div class=\"flex_column av_one_half  flex_column_div av-zero-column-padding first  avia-builder-el-4  el_after_av_one_full  avia-builder-el-last  column-top-margin\" style='border-radius:0px; '><section class=\"av_textblock_section \"  itemscope=\"itemscope\" itemtype=\"https:\/\/schema.org\/CreativeWork\" ><div class='avia_textblock  '   itemprop=\"text\" ><p class=\"ydpc8debe29yiv6987600296MsoNormal\"><span style=\"font-family: arial, helvetica, sans-serif; font-size: 12pt;\">Suite au changement de d\u00e9l\u00e9gataire, je vous informe que les demandes de raccordement eau potable et\/ou assainissement sont d\u00e9sormais \u00e0 effectuer en ligne \u00e0 cette adresse\u00a0: <a href=\"https:\/\/antiphishing.vadesecure.com\/2\/bS5ub3VycnlAY2N2c2EuZnJ8VlJDNDY5MDgx\/antiphishing.vadesecure.com\/2\/bS5ub3VycnlAY2Mtc3RhbWFyaW4uZnJ8VlJDNDY5MDgx\/www.saurclient.fr\/abonnement-et-raccordement\/jemmenage-ou-je-fais-construire\/je-me-raccorde\" target=\"_blank\" rel=\"noopener\">Je me raccorde | Saur Service Client (saurclient.fr)<\/a><\/span><\/p>\n<p><span style=\"font-family: arial, helvetica, sans-serif; font-size: 12pt;\">Les pi\u00e8ces \u00e0 fournir\u00a0sont :<\/span><\/p>\n<ul type=\"disc\">\n<li class=\"ydpc8debe29yiv6987600296MsoNormal\"><span style=\"font-family: arial, helvetica, sans-serif; font-size: 12pt;\">La demande de branchement<\/span><\/li>\n<li class=\"ydpc8debe29yiv6987600296MsoNormal\"><span style=\"font-family: arial, helvetica, sans-serif; font-size: 12pt;\">Une copie de l\u2019arr\u00eat\u00e9 du permis de construire\u00a0<\/span><\/li>\n<li class=\"ydpc8debe29yiv6987600296MsoNormal\"><span style=\"font-family: arial, helvetica, sans-serif; font-size: 12pt;\">Un plan de situation dans la commune<\/span><\/li>\n<li class=\"ydpc8debe29yiv6987600296MsoNormal\"><span style=\"font-family: arial, helvetica, sans-serif; font-size: 12pt;\">Un\u00a0 plan cadastral.<\/span><\/li>\n<\/ul>\n<p class=\"ydpc8debe29yiv6987600296MsoNormal\"><span style=\"font-family: arial, helvetica, sans-serif; font-size: 12pt;\">Les documents peuvent \u00eatre \u00e9galement transmis \u00e0 cette adresse mail\u00a0en utilisant le formulaire joint : <a href=\"mailto:francine.kusz@saur.com\" target=\"_blank\" rel=\"noopener\">francine.kusz@saur.com<\/a><\/span><\/p>\n<p class=\"ydpc8debe29yiv6987600296MsoNormal\"><span style=\"font-family: arial, helvetica, sans-serif; font-size: 12pt;\">Les demandeurs seront directement contact\u00e9s par SAUR pour r\u00e9aliser un devis sur place.<\/span><\/p>\n<p><span style=\"font-family: arial, helvetica, sans-serif; font-size: 12pt;\">Le site internet de la Communaut\u00e9 de Communes sera mis \u00e0 jour dans les prochains jours\u00a0: <a href=\"https:\/\/www.cc-stamarin.fr\/vos-services\/eau-assainissement\/je-construis\/\" target=\"_blank\" rel=\"noopener\">https:\/\/www.cc-stamarin.fr\/vos-services\/eau-assainissement\/je-construis\/<\/a> .<\/span><\/p>\n<p><span style=\"font-family: arial, helvetica, sans-serif; font-size: 12pt;\">Je me permets de vous rappeler qu\u2019une demande de raccordement doit obligatoirement \u00eatre effectu\u00e9e pour tous les nouveaux raccordements au r\u00e9seau d\u2019eau potable et\/ou d\u2019assainissement.<\/span><\/p>\n<p><span style=\"font-family: arial, helvetica, sans-serif; font-size: 12pt;\">Cette d\u00e9marche doit aussi \u00eatre r\u00e9alis\u00e9e pour les nouveaux logements \u00e0 raccorder sur un branchement assainissement existant.<\/span><\/p>\n<p class=\"ydpc8debe29yiv6987600296MsoNormal\"><span style=\"font-family: arial, helvetica, sans-serif; font-size: 12pt;\">Nous restons bien s\u00fbr \u00e0 votre disposition pour toute question.<\/span><\/p>\n<\/div><\/section><\/div>\n","protected":false},"excerpt":{"rendered":"","protected":false},"author":1,"featured_media":0,"parent":0,"menu_order":0,"comment_status":"closed","ping_status":"closed","template":"","meta":[],"yoast_head":"<!-- This site is optimized with the Yoast SEO plugin v16.3 - https:\/\/yoast.com\/wordpress\/plugins\/seo\/ -->\n<title>Informations pratiques - Storckensohn<\/title>\n<meta name=\"robots\" content=\"index, follow, max-snippet:-1, max-image-preview:large, max-video-preview:-1\" \/>\n<link rel=\"canonical\" href=\"https:\/\/storckensohn.fr\/index.php\/annonces-exterieures\/\" \/>\n<meta property=\"og:locale\" content=\"fr_FR\" \/>\n<meta property=\"og:type\" content=\"article\" \/>\n<meta property=\"og:title\" content=\"Informations pratiques - Storckensohn\" \/>\n<meta property=\"og:url\" content=\"https:\/\/storckensohn.fr\/index.php\/annonces-exterieures\/\" \/>\n<meta property=\"og:site_name\" content=\"Storckensohn\" \/>\n<meta property=\"article:modified_time\" content=\"2021-12-01T06:25:28+00:00\" \/>\n<meta name=\"twitter:card\" content=\"summary_large_image\" \/>\n<meta name=\"twitter:label1\" content=\"Dur\u00e9e de lecture est.\">\n\t<meta name=\"twitter:data1\" content=\"3 minutes\">\n<script type=\"application\/ld+json\" class=\"yoast-schema-graph\">{\"@context\":\"https:\/\/schema.org\",\"@graph\":[{\"@type\":\"WebSite\",\"@id\":\"https:\/\/storckensohn.fr\/#website\",\"url\":\"https:\/\/storckensohn.fr\/\",\"name\":\"Storckensohn\",\"description\":\"\",\"potentialAction\":[{\"@type\":\"SearchAction\",\"target\":\"https:\/\/storckensohn.fr\/?s={search_term_string}\",\"query-input\":\"required name=search_term_string\"}],\"inLanguage\":\"fr-FR\"},{\"@type\":\"WebPage\",\"@id\":\"https:\/\/storckensohn.fr\/index.php\/annonces-exterieures\/#webpage\",\"url\":\"https:\/\/storckensohn.fr\/index.php\/annonces-exterieures\/\",\"name\":\"Informations pratiques - Storckensohn\",\"isPartOf\":{\"@id\":\"https:\/\/storckensohn.fr\/#website\"},\"datePublished\":\"2021-11-24T19:20:11+00:00\",\"dateModified\":\"2021-12-01T06:25:28+00:00\",\"breadcrumb\":{\"@id\":\"https:\/\/storckensohn.fr\/index.php\/annonces-exterieures\/#breadcrumb\"},\"inLanguage\":\"fr-FR\",\"potentialAction\":[{\"@type\":\"ReadAction\",\"target\":[\"https:\/\/storckensohn.fr\/index.php\/annonces-exterieures\/\"]}]},{\"@type\":\"BreadcrumbList\",\"@id\":\"https:\/\/storckensohn.fr\/index.php\/annonces-exterieures\/#breadcrumb\",\"itemListElement\":[{\"@type\":\"ListItem\",\"position\":1,\"item\":{\"@type\":\"WebPage\",\"@id\":\"https:\/\/storckensohn.fr\/index.php\/accueil\/\",\"url\":\"https:\/\/storckensohn.fr\/index.php\/accueil\/\",\"name\":\"Accueil\"}},{\"@type\":\"ListItem\",\"position\":2,\"item\":{\"@id\":\"https:\/\/storckensohn.fr\/index.php\/annonces-exterieures\/#webpage\"}}]}]}<\/script>\n<!-- \/ Yoast SEO plugin. -->","_links":{"self":[{"href":"https:\/\/storckensohn.fr\/index.php\/wp-json\/wp\/v2\/pages\/2855"}],"collection":[{"href":"https:\/\/storckensohn.fr\/index.php\/wp-json\/wp\/v2\/pages"}],"about":[{"href":"https:\/\/storckensohn.fr\/index.php\/wp-json\/wp\/v2\/types\/page"}],"author":[{"embeddable":true,"href":"https:\/\/storckensohn.fr\/index.php\/wp-json\/wp\/v2\/users\/1"}],"replies":[{"embeddable":true,"href":"https:\/\/storckensohn.fr\/index.php\/wp-json\/wp\/v2\/comments?post=2855"}],"version-history":[{"count":16,"href":"https:\/\/storckensohn.fr\/index.php\/wp-json\/wp\/v2\/pages\/2855\/revisions"}],"predecessor-version":[{"id":2903,"href":"https:\/\/storckensohn.fr\/index.php\/wp-json\/wp\/v2\/pages\/2855\/revisions\/2903"}],"wp:attachment":[{"href":"https:\/\/storckensohn.fr\/index.php\/wp-json\/wp\/v2\/media?parent=2855"}],"curies":[{"name":"wp","href":"https:\/\/api.w.org\/{rel}","templated":true}]}}